{"id":923,"date":"2024-02-25T21:09:57","date_gmt":"2024-02-25T20:09:57","guid":{"rendered":"https:\/\/rejtelyekpinceje.hu\/?page_id=923"},"modified":"2024-02-25T21:41:14","modified_gmt":"2024-02-25T20:41:14","slug":"altalanos-szerzodesi-feltetelek","status":"publish","type":"page","link":"https:\/\/rejtelyekpinceje.hu\/en\/altalanos-szerzodesi-feltetelek\/","title":{"rendered":"\u00c1ltal\u00e1nos szerz\u0151d\u00e9si felt\u00e9telek"},"content":{"rendered":"<div data-elementor-type=\"wp-page\" data-elementor-id=\"923\" class=\"elementor elementor-923\" data-elementor-post-type=\"page\">\n\t\t\t\t<div class=\"elementor-element elementor-element-0638d52 e-flex e-con-boxed e-con e-parent\" data-id=\"0638d52\" data-element_type=\"container\" data-settings=\"{&quot;background_background&quot;:&quot;classic&quot;}\">\n\t\t\t\t\t<div class=\"e-con-inner\">\n\t\t\t\t<div class=\"elementor-element elementor-element-ca76fc4 elementor-widget elementor-widget-heading\" data-id=\"ca76fc4\" data-element_type=\"widget\" data-widget_type=\"heading.default\">\n\t\t\t\t<div class=\"elementor-widget-container\">\n\t\t\t\t\t<h1 class=\"elementor-heading-title elementor-size-default\">\u00c1ltal\u00e1nos Szerz\u0151d\u00e9si Felt\u00e9telek<\/h1>\t\t\t\t<\/div>\n\t\t\t\t<\/div>\n\t\t\t\t\t<\/div>\n\t\t\t\t<\/div>\n\t\t<div class=\"elementor-element elementor-element-bcaee02 e-flex e-con-boxed e-con e-parent\" data-id=\"bcaee02\" data-element_type=\"container\">\n\t\t\t\t\t<div class=\"e-con-inner\">\n\t\t\t\t<div class=\"elementor-element elementor-element-936c719 elementor-widget elementor-widget-text-editor\" data-id=\"936c719\" data-element_type=\"widget\" data-widget_type=\"text-editor.default\">\n\t\t\t\t<div class=\"elementor-widget-container\">\n\t\t\t\t\t\t\t\t\t<p><strong>\u00c1ltal\u00e1nos szerz\u0151d\u00e9si felt\u00e9telek<\/strong><br \/><br \/>A jelen \u00c1ltal\u00e1nos Szerz\u0151d\u00e9si Felt\u00e9telek Holl\u00f3sin\u00e9 S\u00f3s Krisztina egy\u00e9ni v\u00e1llalkoz\u00f3 (7632 P\u00e9cs, Fazekas Mih\u00e1ly utca 6. 4\/13., ad\u00f3sz\u00e1m: 53034658-1-22) \u00e9s a Rejt\u00e9lyek Pinc\u00e9je weboldal\u00e1n bemutatott szolg\u00e1ltat\u00e1st ig\u00e9nybe vev\u0151k jogait \u00e9s k\u00f6telezetts\u00e9geit tartalmazza az al\u00e1bbiak szerint:<\/p><p><strong>Defin\u00edci\u00f3k:<\/strong><\/p><ol><li>Az \u00c1SZF azaz \u00c1ltal\u00e1nos Szerz\u0151d\u00e9si Felt\u00e9telek, amelyet a Szolg\u00e1ltat\u00f3nak jog\u00e1ban \u00e1ll egyoldal\u00faan m\u00f3dos\u00edtani, de a m\u00f3dos\u00edt\u00e1st k\u00f6teles azonnal a Rejt\u00e9lyek Pinc\u00e9je oldal\u00e1n k\u00f6zz\u00e9tenni.<\/li><li>\u00a0Szolg\u00e1ltat\u00f3, \u00fczemeltet\u0151: Holl\u00f3sin\u00e9 S\u00f3s Krisztina e.v.<\/li><li>Felhaszn\u00e1l\u00f3: A Szolg\u00e1ltat\u00f3 weboldal\u00e1n ny\u00fajtott szolg\u00e1ltat\u00e1st ig\u00e9nybevev\u0151je.<\/li><li>\u00a0Felek: Szolg\u00e1ltat\u00f3\/\u00dczemeltet\u0151 \u00e9s a Felhaszn\u00e1l\u00f3 egy\u00fctt.<\/li><li>J\u00e1t\u00e9k: A weboldalon k\u00f6zz\u00e9tett j\u00e1t\u00e9k, weboldal: rejtelyekpinceje.hu<\/li><li>Foglal\u00e1s: A felhaszn\u00e1l\u00f3 a weboldalon kereszt\u00fcl, telefonon vagy szem\u00e9lyesen foglal id\u0151pontot egy adott p\u00e1ly\u00e1ra\/j\u00e1t\u00e9kra. A foglal\u00e1snak nem felt\u00e9tele regisztr\u00e1ci\u00f3.<\/li><li>\u00a0J\u00e1t\u00e9k helysz\u00edne: 7621 P\u00e9cs, R\u00e1k\u00f3czi \u00fat. 65.<\/li><li>J\u00e1t\u00e9k id\u0151tartama: 60 perc<\/li><li>J\u00e1t\u00e9kban r\u00e9sztvev\u0151k sz\u00e1ma: 2-6 f\u0151 (p\u00e1ly\u00e1nk\u00e9nt v\u00e1ltozhat)<\/li><li>Csapat\u00e9p\u00edt\u00e9s, VIP j\u00e1t\u00e9k: C\u00e9ges rendezv\u00e9nyek, sz\u00fclet\u00e9snapok, le\u00e1nyb\u00facs\u00fak, leg\u00e9nyb\u00facs\u00fak, stb.<\/li><li>Fizet\u00e9s: Helysz\u00ednen a j\u00e1t\u00e9k megkezd\u00e9se el\u0151tt k\u00e9szp\u00e9nzben, aj\u00e1nd\u00e9k voucherrel.<\/li><li>\u00a0Kedvezm\u00e9nyek: nyerem\u00e9nyj\u00e1t\u00e9kok, akci\u00f3k<\/li><li>Voucher: aj\u00e1nd\u00e9kutalv\u00e1ny<\/li><\/ol><p><br \/><strong>Booking:<\/strong><br \/><br \/>1. A foglal\u00e1st a weboldalon csak a szabad id\u0151pontokra lehet ind\u00edtani. Foglal\u00e1st telefonon is lehet kezdem\u00e9nyezni, ebben az esetben a Szolg\u00e1ltat\u00f3 aj\u00e1nl fel szabad id\u0151pontokat.<br \/>2. A sikeres foglal\u00e1sr\u00f3l a Szolg\u00e1ltat\u00f3 a Felhaszn\u00e1l\u00f3 \u00e1ltal megadott e-mail c\u00edmre k\u00fcld\u00f6tt lev\u00e9lben \u00e9rtes\u00edti a Felhaszn\u00e1l\u00f3t. A lev\u00e9l tartalmazza: a p\u00e1lya megnevez\u00e9s\u00e9t, id\u0151pontot, helysz\u00ednt, l\u00e9tsz\u00e1mot.<br \/>3. 4 \u00f3r\u00e1val a foglalni k\u00edv\u00e1nt j\u00e1t\u00e9k id\u0151pontja el\u0151tt m\u00e1r csak telefonon lehet foglalni a +36 20 503 89 04\u00a0telefonsz\u00e1mon.<br \/><br \/><strong>A j\u00e1t\u00e9k d\u00edja: 14900 Ft\/szoba. C\u00e9ges rendezv\u00e9nyek, le\u00e1nyb\u00facs\u00fa stb. eset\u00e9n az \u00e1r egyedi megbesz\u00e9l\u00e9s alapj\u00e1n.<\/strong><\/p><p>\u00a0<\/p><p><strong>Foglal\u00e1s lemond\u00e1sa<\/strong><br \/><br \/>A Felhaszn\u00e1l\u00f3nak lehet\u0151s\u00e9ge van a j\u00e1t\u00e9k lemond\u00e1s\u00e1ra \u00e9s m\u00f3dos\u00edt\u00e1s\u00e1ra a j\u00e1t\u00e9k megkezd\u00e9se el\u0151tt legk\u00e9s\u0151bb 2 \u00f3r\u00e1val az al\u00e1bbi telefonsz\u00e1mon: +36 20 503 89 04\u00a0<\/p><p>2 \u00f3r\u00e1n bel\u00fcli lemond\u00e1s eset\u00e9n a Szolg\u00e1ltat\u00f3 kisz\u00e1ml\u00e1zza a j\u00e1t\u00e9k d\u00edj\u00e1t a Felhaszn\u00e1l\u00f3nak.<br \/><br \/><strong>El\u00e1ll\u00e1s, Vis major<\/strong><br \/><br \/>A Szolg\u00e1ltat\u00f3t a m\u00e1r visszaigazolt foglal\u00e1sok tekintet\u00e9ben a foglal\u00e1s eg\u00e9sz\u00e9re vagy egy r\u00e9sz\u00e9re el\u00e1ll\u00e1si jog illeti meg. R\u00e9szben t\u00f6rt\u00e9n\u0151 teljes\u00edt\u00e9sre kiz\u00e1r\u00f3lag a Felhaszn\u00e1l\u00f3 hozz\u00e1j\u00e1rul\u00e1sa eset\u00e9n ker\u00fclhet sor.<br \/><br \/>Amennyiben a Szolg\u00e1ltat\u00f3 technikai, m\u0171szaki vagy egy\u00e9b okok miatt nem tudja biztos\u00edtani a lefoglalt id\u0151pontot, jogosult t\u00f6r\u00f6lni a foglal\u00e1st, azonban ebben az esetben \u2013 a Felhaszn\u00e1l\u00f3 v\u00e1laszt\u00e1sa szerint \u2013 \u00faj id\u0151pontot biztos\u00edt.<br \/><br \/>Vis major eset\u00e9n k\u00e1rt\u00e9r\u00edt\u00e9st a Szolg\u00e1ltat\u00f3 nem fizet, azonban minden esetben igyekszik a Szolg\u00e1ltat\u00f3 a Felhaszn\u00e1l\u00f3nak \u00faj id\u0151pontot biztos\u00edtani.<br \/><br \/>Amennyiben a Felhaszn\u00e1l\u00f3 j\u00e1t\u00e9kmenete az \u00c1SZF vagy Felel\u0151ss\u00e9gv\u00e1llal\u00e1si nyilatkozatban elfogadottak \u00e9s al\u00e1\u00edrtak megs\u00e9rt\u00e9se miatt szakad meg, a Szolg\u00e1ltat\u00f3 p\u00e9nzvisszafizet\u00e9sre vagy \u00fajabb id\u0151pontfoglal\u00e1sra nem k\u00f6telezhet\u0151.<br \/><br \/><strong>R\u00e9szv\u00e9teli felt\u00e9telek<\/strong><br \/><br \/>1. A j\u00e1t\u00e9kban mindenki kiz\u00e1r\u00f3lag saj\u00e1t felel\u0151ss\u00e9gre vesz r\u00e9szt, melyet a j\u00e1t\u00e9k el\u0151tt a Felel\u0151ss\u00e9gv\u00e1llal\u00e1si nyilatkozat al\u00e1\u00edr\u00e1s\u00e1val is meger\u0151s\u00edt. 14 . \u00e9let\u00e9v\u00e9t be nem t\u00f6lt\u00f6tt szem\u00e9ly nev\u00e9ben a t\u00f6rv\u00e9nyes k\u00e9pvisel\u0151 vagy a t\u00f6rv\u00e9nyes k\u00e9pvisel\u0151 \u00e1ltal megb\u00edzott jelenl\u00e9v\u0151 nagykor\u00fa szem\u00e9ly tehet nyilatkozatot.<br \/>2. 14. \u00e9let\u00e9v\u00e9t be nem t\u00f6lt\u00f6tt szem\u00e9ly kiz\u00e1r\u00f3lag nagykor\u00fa k\u00eds\u00e9r\u0151vel vehet r\u00e9szt a j\u00e1t\u00e9kban.<br \/>3. A j\u00e1t\u00e9kban alkohol vagy egy\u00e9b tudatm\u00f3dos\u00edt\u00f3 szer hat\u00e1sa alatt \u00e1ll\u00f3 szem\u00e9ly nem vehet r\u00e9szt.<br \/>4. A j\u00e1t\u00e9k megkezd\u00e9se el\u0151tt 10 perccel el\u0151tti \u00e9rkez\u00e9s.<br \/>5. A lefoglalt id\u0151ponthoz k\u00e9pest 20 perces k\u00e9s\u00e9s eset\u00e9n a j\u00e1t\u00e9k megkezd\u00e9s\u00e9re m\u00e1r nincs lehet\u0151s\u00e9g.<br \/>6. A j\u00e1t\u00e9k id\u0151tartama meghat\u00e1rozott, a j\u00e1t\u00e9kid\u0151 meghosszabb\u00edt\u00e1s\u00e1ra nincs lehet\u0151s\u00e9g.<br \/>7. J\u00e1t\u00e9k k\u00f6zben k\u00e9p-hang r\u00f6gz\u00edt\u00e9s t\u00f6rt\u00e9nik.<br \/>8. Sz\u00e1nd\u00e9kos rong\u00e1l\u00e1s eset\u00e9n a Szolg\u00e1ltat\u00f3 a k\u00e1r megt\u00e9r\u00edt\u00e9s\u00e9t a Felhaszn\u00e1l\u00f3ra h\u00e1r\u00edtja.<br \/><br \/>J\u00e1t\u00e9k nyelve: Magyar, angol.<br \/><br \/><strong>Voucherek<\/strong><br \/><br \/>Lehet\u0151s\u00e9g van aj\u00e1nd\u00e9kutalv\u00e1ny (voucher) v\u00e1s\u00e1rl\u00e1s\u00e1ra, melyet 11000 Ft\/db \u00e1ron \u00e9rt\u00e9kes\u00edt\u00fcnk.<br \/>A voucher a ki\u00e1ll\u00edt\u00e1st\u00f3l sz\u00e1m\u00edtott 3 h\u00f3napig \u00e9rv\u00e9nyes.<br \/>A voucher megvehet\u0151 a helysz\u00ednen k\u00e9szp\u00e9nz\u00e9rt vagy megv\u00e1s\u00e1rolhat\u00f3 online banki \u00e1tutal\u00e1ssal.<br \/><br \/>Csapat\u00e9p\u00edt\u0151k, VIP j\u00e1t\u00e9kok<br \/>Ezek foglal\u00e1s\u00e1ra kiz\u00e1r\u00f3lag telefonon, szem\u00e9lyesen vagy emailben van lehet\u0151s\u00e9g.<br \/><br \/><br \/><strong>Panaszkezel\u00e9s<\/strong><br \/><br \/>A Felhaszn\u00e1l\u00f3 a szolg\u00e1ltat\u00e1ssal kapcsolatos panasz\u00e1t a jelen \u00c1SZF- ben r\u00f6gz\u00edtett el\u00e9rhet\u0151s\u00e9geken ( telefonon, email-ben, postai \u00faton) terjesztheti el\u0151. A Szolg\u00e1ltat\u00f3 a panaszt megvizsg\u00e1lja, amennyiben erre m\u00f3d van, azonnal orvosolja, ellenkez\u0151 esetben a panaszr\u00f3l jegyz\u0151k\u00f6nyvet vesz fel, \u00e9s annak egy p\u00e9ld\u00e1ny\u00e1t a Felhaszn\u00e1l\u00f3nak megk\u00fcldi. A Szolg\u00e1ltat\u00f3 a panaszra 30 napon bel\u00fcl \u00edr\u00e1sban indokolt \u00e9rdemi v\u00e1laszt ad. A panaszr\u00f3l felvett jegyz\u0151k\u00f6nyvet \u00e9s az \u00e9rdemi indokolt v\u00e1lasz m\u00e1solati p\u00e9ld\u00e1ny\u00e1t a Szolg\u00e1ltat\u00f3 5 \u00e9vig k\u00f6teles meg\u0151rizni. Amennyiben a Szolg\u00e1ltat\u00f3 \u00e9s a Felhaszn\u00e1l\u00f3 k\u00f6z\u00f6tt jogvita a Szolg\u00e1ltat\u00f3i panaszkezel\u00e9s sor\u00e1n nem rendez\u0151dik, akkor a Felhaszn\u00e1l\u00f3 a fogyaszt\u00f3i jogainak megs\u00e9rt\u00e9se eset\u00e9n panasszal fordulhat a P\u00e9csi J\u00e1r\u00e1s Hivatal Fogyaszt\u00f3v\u00e9delmi Oszt\u00e1ly\u00e1hoz.<br \/><br \/><strong>Szerz\u0151i jogok<\/strong><br \/>A weboldal szerz\u0151i jogi m\u0171nek min\u0151s\u00fcl \u00e9s szerz\u0151i jogi, illetve v\u00e9djegyoltalom alatt \u00e1ll. Tilos a weboldalon megjelen\u0151 tartalmak (k\u00e9p, hang, sz\u00f6veges tartalom) vagy azok b\u00e1rmely r\u00e9szlet\u00e9nek t\u00f6bbsz\u00f6r\u00f6z\u00e9se, \u00fajra nyilv\u00e1noss\u00e1ghoz t\u00f6rt\u00e9n\u0151 k\u00f6zvet\u00edt\u00e9se, vagy m\u00e1s m\u00f3don t\u00f6rt\u00e9n\u0151 szem\u00e9lyes haszn\u00e1latot meghalad\u00f3 m\u00e9rt\u00e9k\u0171 felhaszn\u00e1l\u00e1sa, elektronikus t\u00e1rol\u00e1sa, feldolgoz\u00e1sa, \u00e9s \u00e9rt\u00e9kes\u00edt\u00e9se a Szolg\u00e1ltat\u00f3 el\u0151zetes \u00edr\u00e1sbeli beleegyez\u00e9se n\u00e9lk\u00fcl. A fentieket s\u00e9rt\u0151 magatart\u00e1s polg\u00e1rjogi \u00e9s b\u00fcntet\u0151jogi k\u00f6vetkezm\u00e9nyekkel j\u00e1r. A Szolg\u00e1ltat\u00f3 minden tudom\u00e1s\u00e1ra jutott jogs\u00e9rt\u00e9ssel szemben fell\u00e9p.<br \/><br \/><strong>Haszn\u00e1lt nyelv<\/strong><br \/>Az \u00c1SZF magyar \u00e9s angol nyelven k\u00e9sz\u00fclt. Amennyiben a k\u00e9t sz\u00f6vegv\u00e1ltozat elt\u00e9r egym\u00e1st\u00f3l, az \u00c1SZF magyar nyelv\u0171 v\u00e1ltozata az ir\u00e1nyad\u00f3.<br \/><br \/><strong>Az \u00c1SZF elfogad\u00e1sa<\/strong><br \/>A Felhaszn\u00e1l\u00f3 a foglal\u00e1s v\u00e9gleges\u00edt\u00e9s\u00e9vel elfogadja a Szolg\u00e1ltat\u00f3 \u00c1ltal\u00e1nos Szerz\u0151d\u00e9si Felt\u00e9teleit.<br \/><br \/><strong>Ir\u00e1nyad\u00f3 jog, jog\u00e9rv\u00e9nyes\u00edt\u00e9s<\/strong><br \/><br \/>A jelen \u00c1SZF -re a Szolg\u00e1ltat\u00f3 sz\u00e9khelye szerinti jog ir\u00e1nyad\u00f3.<\/p><p>\u00a0<\/p><p><strong>A Szolg\u00e1ltat\u00f3 adatai:<\/strong><br \/>Holl\u00f3sin\u00e9 S\u00f3s Krisztina e.v.\u00a0<\/p><p>7632 P\u00e9cs Fazekas Mih\u00e1ly utca 6. 4\/13.<br \/>Ad\u00f3sz\u00e1m: 53034658-1-22<br \/><br \/><strong>Hat\u00e1ly:<\/strong><br \/>Jelen \u00c1SZF 2021. m\u00e1rcius 22. napj\u00e1t\u00f3l hat\u00e1lyos.<\/p><p>\u00a0<\/p>\t\t\t\t\t\t\t\t<\/div>\n\t\t\t\t<\/div>\n\t\t\t\t\t<\/div>\n\t\t\t\t<\/div>\n\t\t\t\t<\/div>","protected":false},"excerpt":{"rendered":"<p>\u00c1ltal\u00e1nos Szerz\u0151d\u00e9si Felt\u00e9telek \u00c1ltal\u00e1nos szerz\u0151d\u00e9si felt\u00e9telek A jelen \u00c1ltal\u00e1nos Szerz\u0151d\u00e9si Felt\u00e9telek Holl\u00f3sin\u00e9 S\u00f3s Krisztina egy\u00e9ni v\u00e1llalkoz\u00f3 (7632 P\u00e9cs, Fazekas Mih\u00e1ly utca 6. 4\/13., ad\u00f3sz\u00e1m: 53034658-1-22) \u00e9s a Rejt\u00e9lyek Pinc\u00e9je weboldal\u00e1n bemutatott szolg\u00e1ltat\u00e1st ig\u00e9nybe vev\u0151k jogait \u00e9s k\u00f6telezetts\u00e9geit tartalmazza az al\u00e1bbiak szerint: Defin\u00edci\u00f3k: Az \u00c1SZF azaz \u00c1ltal\u00e1nos Szerz\u0151d\u00e9si Felt\u00e9telek, amelyet a Szolg\u00e1ltat\u00f3nak jog\u00e1ban \u00e1ll egyoldal\u00faan m\u00f3dos\u00edtani, [&hellip;]<\/p>","protected":false},"author":3,"featured_media":0,"parent":0,"menu_order":0,"comment_status":"closed","ping_status":"closed","template":"elementor_header_footer","meta":{"footnotes":""},"class_list":["post-923","page","type-page","status-publish","hentry"],"yoast_head":"<!-- This site is optimized with the Yoast SEO plugin v26.7 - https:\/\/yoast.com\/wordpress\/plugins\/seo\/ -->\n<title>\u00c1ltal\u00e1nos szerz\u0151d\u00e9si felt\u00e9telek - Rejtelyekpinceje<\/title>\n<meta name=\"robots\" content=\"index, follow, max-snippet:-1, max-image-preview:large, max-video-preview:-1\" \/>\n<link rel=\"canonical\" href=\"https:\/\/rejtelyekpinceje.hu\/en\/altalanos-szerzodesi-feltetelek\/\" \/>\n<meta property=\"og:locale\" content=\"en_GB\" \/>\n<meta property=\"og:type\" content=\"article\" \/>\n<meta property=\"og:title\" content=\"\u00c1ltal\u00e1nos szerz\u0151d\u00e9si felt\u00e9telek - Rejtelyekpinceje\" \/>\n<meta property=\"og:description\" content=\"\u00c1ltal\u00e1nos Szerz\u0151d\u00e9si Felt\u00e9telek \u00c1ltal\u00e1nos szerz\u0151d\u00e9si felt\u00e9telek A jelen \u00c1ltal\u00e1nos Szerz\u0151d\u00e9si Felt\u00e9telek Holl\u00f3sin\u00e9 S\u00f3s Krisztina egy\u00e9ni v\u00e1llalkoz\u00f3 (7632 P\u00e9cs, Fazekas Mih\u00e1ly utca 6. 4\/13., ad\u00f3sz\u00e1m: 53034658-1-22) \u00e9s a Rejt\u00e9lyek Pinc\u00e9je weboldal\u00e1n bemutatott szolg\u00e1ltat\u00e1st ig\u00e9nybe vev\u0151k jogait \u00e9s k\u00f6telezetts\u00e9geit tartalmazza az al\u00e1bbiak szerint: Defin\u00edci\u00f3k: Az \u00c1SZF azaz \u00c1ltal\u00e1nos Szerz\u0151d\u00e9si Felt\u00e9telek, amelyet a Szolg\u00e1ltat\u00f3nak jog\u00e1ban \u00e1ll egyoldal\u00faan m\u00f3dos\u00edtani, [&hellip;]\" \/>\n<meta property=\"og:url\" content=\"https:\/\/rejtelyekpinceje.hu\/en\/altalanos-szerzodesi-feltetelek\/\" \/>\n<meta property=\"og:site_name\" content=\"Rejtelyekpinceje\" \/>\n<meta property=\"article:publisher\" content=\"https:\/\/www.facebook.com\/rejtelyekpinceje\" \/>\n<meta property=\"article:modified_time\" content=\"2024-02-25T20:41:14+00:00\" \/>\n<meta name=\"twitter:card\" content=\"summary_large_image\" \/>\n<meta name=\"twitter:label1\" content=\"Estimated reading time\" \/>\n\t<meta name=\"twitter:data1\" content=\"5 minutes\" \/>\n<script type=\"application\/ld+json\" class=\"yoast-schema-graph\">{\"@context\":\"https:\/\/schema.org\",\"@graph\":[{\"@type\":\"WebPage\",\"@id\":\"https:\/\/rejtelyekpinceje.hu\/altalanos-szerzodesi-feltetelek\/\",\"url\":\"https:\/\/rejtelyekpinceje.hu\/altalanos-szerzodesi-feltetelek\/\",\"name\":\"\u00c1ltal\u00e1nos szerz\u0151d\u00e9si felt\u00e9telek - Rejtelyekpinceje\",\"isPartOf\":{\"@id\":\"https:\/\/rejtelyekpinceje.hu\/#website\"},\"datePublished\":\"2024-02-25T20:09:57+00:00\",\"dateModified\":\"2024-02-25T20:41:14+00:00\",\"breadcrumb\":{\"@id\":\"https:\/\/rejtelyekpinceje.hu\/altalanos-szerzodesi-feltetelek\/#breadcrumb\"},\"inLanguage\":\"en-GB\",\"potentialAction\":[{\"@type\":\"ReadAction\",\"target\":[\"https:\/\/rejtelyekpinceje.hu\/altalanos-szerzodesi-feltetelek\/\"]}]},{\"@type\":\"BreadcrumbList\",\"@id\":\"https:\/\/rejtelyekpinceje.hu\/altalanos-szerzodesi-feltetelek\/#breadcrumb\",\"itemListElement\":[{\"@type\":\"ListItem\",\"position\":1,\"name\":\"Kezd\u0151lap\",\"item\":\"https:\/\/rejtelyekpinceje.hu\/\"},{\"@type\":\"ListItem\",\"position\":2,\"name\":\"\u00c1ltal\u00e1nos szerz\u0151d\u00e9si felt\u00e9telek\"}]},{\"@type\":\"WebSite\",\"@id\":\"https:\/\/rejtelyekpinceje.hu\/#website\",\"url\":\"https:\/\/rejtelyekpinceje.hu\/\",\"name\":\"Rejtelyekpinceje\",\"description\":\"A misztikus szabadul\u00f3 szoba P\u00e9cs belv\u00e1ros\u00e1ban! Exit Room P\u00e9cs | Rejt\u00e9lyek Pinc\u00e9je | P\u00e9cs.\",\"publisher\":{\"@id\":\"https:\/\/rejtelyekpinceje.hu\/#organization\"},\"potentialAction\":[{\"@type\":\"SearchAction\",\"target\":{\"@type\":\"EntryPoint\",\"urlTemplate\":\"https:\/\/rejtelyekpinceje.hu\/?s={search_term_string}\"},\"query-input\":{\"@type\":\"PropertyValueSpecification\",\"valueRequired\":true,\"valueName\":\"search_term_string\"}}],\"inLanguage\":\"en-GB\"},{\"@type\":\"Organization\",\"@id\":\"https:\/\/rejtelyekpinceje.hu\/#organization\",\"name\":\"Rejtelyekpinceje\",\"url\":\"https:\/\/rejtelyekpinceje.hu\/\",\"logo\":{\"@type\":\"ImageObject\",\"inLanguage\":\"en-GB\",\"@id\":\"https:\/\/rejtelyekpinceje.hu\/#\/schema\/logo\/image\/\",\"url\":\"https:\/\/rejtelyekpinceje.hu\/wp-content\/uploads\/2024\/02\/Kepernyofoto-2021-02-10-23_31_19_pn.webp\",\"contentUrl\":\"https:\/\/rejtelyekpinceje.hu\/wp-content\/uploads\/2024\/02\/Kepernyofoto-2021-02-10-23_31_19_pn.webp\",\"width\":131,\"height\":98,\"caption\":\"Rejtelyekpinceje\"},\"image\":{\"@id\":\"https:\/\/rejtelyekpinceje.hu\/#\/schema\/logo\/image\/\"},\"sameAs\":[\"https:\/\/www.facebook.com\/rejtelyekpinceje\",\"https:\/\/www.instagram.com\/rejtelyekpinceje\/\"]}]}<\/script>\n<!-- \/ Yoast SEO plugin. -->","yoast_head_json":{"title":"\u00c1ltal\u00e1nos szerz\u0151d\u00e9si felt\u00e9telek - Rejtelyekpinceje","robots":{"index":"index","follow":"follow","max-snippet":"max-snippet:-1","max-image-preview":"max-image-preview:large","max-video-preview":"max-video-preview:-1"},"canonical":"https:\/\/rejtelyekpinceje.hu\/en\/altalanos-szerzodesi-feltetelek\/","og_locale":"en_GB","og_type":"article","og_title":"\u00c1ltal\u00e1nos szerz\u0151d\u00e9si felt\u00e9telek - Rejtelyekpinceje","og_description":"\u00c1ltal\u00e1nos Szerz\u0151d\u00e9si Felt\u00e9telek \u00c1ltal\u00e1nos szerz\u0151d\u00e9si felt\u00e9telek A jelen \u00c1ltal\u00e1nos Szerz\u0151d\u00e9si Felt\u00e9telek Holl\u00f3sin\u00e9 S\u00f3s Krisztina egy\u00e9ni v\u00e1llalkoz\u00f3 (7632 P\u00e9cs, Fazekas Mih\u00e1ly utca 6. 4\/13., ad\u00f3sz\u00e1m: 53034658-1-22) \u00e9s a Rejt\u00e9lyek Pinc\u00e9je weboldal\u00e1n bemutatott szolg\u00e1ltat\u00e1st ig\u00e9nybe vev\u0151k jogait \u00e9s k\u00f6telezetts\u00e9geit tartalmazza az al\u00e1bbiak szerint: Defin\u00edci\u00f3k: Az \u00c1SZF azaz \u00c1ltal\u00e1nos Szerz\u0151d\u00e9si Felt\u00e9telek, amelyet a Szolg\u00e1ltat\u00f3nak jog\u00e1ban \u00e1ll egyoldal\u00faan m\u00f3dos\u00edtani, [&hellip;]","og_url":"https:\/\/rejtelyekpinceje.hu\/en\/altalanos-szerzodesi-feltetelek\/","og_site_name":"Rejtelyekpinceje","article_publisher":"https:\/\/www.facebook.com\/rejtelyekpinceje","article_modified_time":"2024-02-25T20:41:14+00:00","twitter_card":"summary_large_image","twitter_misc":{"Estimated reading time":"5 minutes"},"schema":{"@context":"https:\/\/schema.org","@graph":[{"@type":"WebPage","@id":"https:\/\/rejtelyekpinceje.hu\/altalanos-szerzodesi-feltetelek\/","url":"https:\/\/rejtelyekpinceje.hu\/altalanos-szerzodesi-feltetelek\/","name":"\u00c1ltal\u00e1nos szerz\u0151d\u00e9si felt\u00e9telek - Rejtelyekpinceje","isPartOf":{"@id":"https:\/\/rejtelyekpinceje.hu\/#website"},"datePublished":"2024-02-25T20:09:57+00:00","dateModified":"2024-02-25T20:41:14+00:00","breadcrumb":{"@id":"https:\/\/rejtelyekpinceje.hu\/altalanos-szerzodesi-feltetelek\/#breadcrumb"},"inLanguage":"en-GB","potentialAction":[{"@type":"ReadAction","target":["https:\/\/rejtelyekpinceje.hu\/altalanos-szerzodesi-feltetelek\/"]}]},{"@type":"BreadcrumbList","@id":"https:\/\/rejtelyekpinceje.hu\/altalanos-szerzodesi-feltetelek\/#breadcrumb","itemListElement":[{"@type":"ListItem","position":1,"name":"Kezd\u0151lap","item":"https:\/\/rejtelyekpinceje.hu\/"},{"@type":"ListItem","position":2,"name":"\u00c1ltal\u00e1nos szerz\u0151d\u00e9si felt\u00e9telek"}]},{"@type":"WebSite","@id":"https:\/\/rejtelyekpinceje.hu\/#website","url":"https:\/\/rejtelyekpinceje.hu\/","name":"Rejtelyekpinceje","description":"A misztikus szabadul\u00f3 szoba P\u00e9cs belv\u00e1ros\u00e1ban! Exit Room P\u00e9cs | Rejt\u00e9lyek Pinc\u00e9je | P\u00e9cs.","publisher":{"@id":"https:\/\/rejtelyekpinceje.hu\/#organization"},"potentialAction":[{"@type":"SearchAction","target":{"@type":"EntryPoint","urlTemplate":"https:\/\/rejtelyekpinceje.hu\/?s={search_term_string}"},"query-input":{"@type":"PropertyValueSpecification","valueRequired":true,"valueName":"search_term_string"}}],"inLanguage":"en-GB"},{"@type":"Organization","@id":"https:\/\/rejtelyekpinceje.hu\/#organization","name":"Rejtelyekpinceje","url":"https:\/\/rejtelyekpinceje.hu\/","logo":{"@type":"ImageObject","inLanguage":"en-GB","@id":"https:\/\/rejtelyekpinceje.hu\/#\/schema\/logo\/image\/","url":"https:\/\/rejtelyekpinceje.hu\/wp-content\/uploads\/2024\/02\/Kepernyofoto-2021-02-10-23_31_19_pn.webp","contentUrl":"https:\/\/rejtelyekpinceje.hu\/wp-content\/uploads\/2024\/02\/Kepernyofoto-2021-02-10-23_31_19_pn.webp","width":131,"height":98,"caption":"Rejtelyekpinceje"},"image":{"@id":"https:\/\/rejtelyekpinceje.hu\/#\/schema\/logo\/image\/"},"sameAs":["https:\/\/www.facebook.com\/rejtelyekpinceje","https:\/\/www.instagram.com\/rejtelyekpinceje\/"]}]}},"_links":{"self":[{"href":"https:\/\/rejtelyekpinceje.hu\/en\/wp-json\/wp\/v2\/pages\/923","targetHints":{"allow":["GET"]}}],"collection":[{"href":"https:\/\/rejtelyekpinceje.hu\/en\/wp-json\/wp\/v2\/pages"}],"about":[{"href":"https:\/\/rejtelyekpinceje.hu\/en\/wp-json\/wp\/v2\/types\/page"}],"author":[{"embeddable":true,"href":"https:\/\/rejtelyekpinceje.hu\/en\/wp-json\/wp\/v2\/users\/3"}],"replies":[{"embeddable":true,"href":"https:\/\/rejtelyekpinceje.hu\/en\/wp-json\/wp\/v2\/comments?post=923"}],"version-history":[{"count":10,"href":"https:\/\/rejtelyekpinceje.hu\/en\/wp-json\/wp\/v2\/pages\/923\/revisions"}],"predecessor-version":[{"id":935,"href":"https:\/\/rejtelyekpinceje.hu\/en\/wp-json\/wp\/v2\/pages\/923\/revisions\/935"}],"wp:attachment":[{"href":"https:\/\/rejtelyekpinceje.hu\/en\/wp-json\/wp\/v2\/media?parent=923"}],"curies":[{"name":"wp","href":"https:\/\/api.w.org\/{rel}","templated":true}]}}