{"id":684,"date":"2024-02-25T14:54:33","date_gmt":"2024-02-25T13:54:33","guid":{"rendered":"https:\/\/rejtelyekpinceje.hu\/?page_id=684"},"modified":"2024-02-26T20:52:32","modified_gmt":"2024-02-26T19:52:32","slug":"kapcsolat","status":"publish","type":"page","link":"https:\/\/rejtelyekpinceje.hu\/en\/kapcsolat\/","title":{"rendered":"Contact"},"content":{"rendered":"<div data-elementor-type=\"wp-page\" data-elementor-id=\"684\" class=\"elementor elementor-684\" data-elementor-post-type=\"page\">\n\t\t\t\t<div class=\"elementor-element elementor-element-c67070f e-flex e-con-boxed e-con e-parent\" data-id=\"c67070f\" data-element_type=\"container\">\n\t\t\t\t\t<div class=\"e-con-inner\">\n\t\t<div class=\"elementor-element elementor-element-61c214f e-con-full e-flex e-con e-child\" data-id=\"61c214f\" data-element_type=\"container\">\n\t\t\t\t<div class=\"elementor-element elementor-element-719aada elementor-widget elementor-widget-heading\" data-id=\"719aada\" data-element_type=\"widget\" data-widget_type=\"heading.default\">\n\t\t\t\t<div class=\"elementor-widget-container\">\n\t\t\t\t\t<h2 class=\"elementor-heading-title elementor-size-default\">Contact us!<\/h2>\t\t\t\t<\/div>\n\t\t\t\t<\/div>\n\t\t\t\t<div class=\"elementor-element elementor-element-4ffffeb elementor-widget elementor-widget-text-editor\" data-id=\"4ffffeb\" data-element_type=\"widget\" data-widget_type=\"text-editor.default\">\n\t\t\t\t<div class=\"elementor-widget-container\">\n\t\t\t\t\t\t\t\t\t<p>For unique requests, write us a message and we will try to answer as soon as possible.<\/p>\t\t\t\t\t\t\t\t<\/div>\n\t\t\t\t<\/div>\n\t\t\t\t<div class=\"elementor-element elementor-element-5a7beac elementor-widget-tablet__width-inherit elementor-button-align-stretch elementor-widget elementor-widget-form\" data-id=\"5a7beac\" data-element_type=\"widget\" data-settings=\"{&quot;step_next_label&quot;:&quot;K\\u00f6vetkez\\u0151&quot;,&quot;step_previous_label&quot;:&quot;El\\u0151z\\u0151&quot;,&quot;step_type&quot;:&quot;number_text&quot;,&quot;step_icon_shape&quot;:&quot;circle&quot;}\" data-widget_type=\"form.default\">\n\t\t\t\t<div class=\"elementor-widget-container\">\n\t\t\t\t\t\t\t<form class=\"elementor-form\" method=\"post\" name=\"\u00daj \u0171rlap\" aria-label=\"\u00daj \u0171rlap\" action=\"\">\n\t\t\t<input type=\"hidden\" name=\"post_id\" value=\"684\"\/>\n\t\t\t<input type=\"hidden\" name=\"form_id\" value=\"5a7beac\"\/>\n\t\t\t<input type=\"hidden\" name=\"referer_title\" value=\"Kapcsolat - Rejtelyekpinceje\" \/>\n\n\t\t\t\t\t\t\t<input type=\"hidden\" name=\"queried_id\" value=\"684\"\/>\n\t\t\t\n\t\t\t<div class=\"elementor-form-fields-wrapper elementor-labels-above\">\n\t\t\t\t\t\t\t\t<div class=\"elementor-field-type-text elementor-field-group elementor-column elementor-field-group-field_866aa75 elementor-col-100 elementor-field-required\">\n\t\t\t\t\t\t\t\t\t\t\t\t<label for=\"form-field-field_866aa75\" class=\"elementor-field-label\">\n\t\t\t\t\t\t\t\tFull name\t\t\t\t\t\t\t<\/label>\n\t\t\t\t\t\t\t\t\t\t\t\t\t\t<input size=\"1\" type=\"text\" name=\"form_fields[field_866aa75]\" id=\"form-field-field_866aa75\" class=\"elementor-field elementor-size-sm  elementor-field-textual\" placeholder=\"Full name\" required=\"required\">\n\t\t\t\t\t\t\t\t\t\t\t<\/div>\n\t\t\t\t\t\t\t\t<div class=\"elementor-field-type-email elementor-field-group elementor-column elementor-field-group-name elementor-col-100 elementor-field-required\">\n\t\t\t\t\t\t\t\t\t\t\t\t<label for=\"form-field-name\" class=\"elementor-field-label\">\n\t\t\t\t\t\t\t\tE-mail address\t\t\t\t\t\t\t<\/label>\n\t\t\t\t\t\t\t\t\t\t\t\t\t\t<input size=\"1\" type=\"email\" name=\"form_fields[name]\" id=\"form-field-name\" class=\"elementor-field elementor-size-sm  elementor-field-textual\" placeholder=\"E-mail address\" required=\"required\">\n\t\t\t\t\t\t\t\t\t\t\t<\/div>\n\t\t\t\t\t\t\t\t<div class=\"elementor-field-type-textarea elementor-field-group elementor-column elementor-field-group-field_1d0a879 elementor-col-100\">\n\t\t\t\t\t\t\t\t\t\t\t\t<label for=\"form-field-field_1d0a879\" class=\"elementor-field-label\">\n\t\t\t\t\t\t\t\tPhone\t\t\t\t\t\t\t<\/label>\n\t\t\t\t\t\t<textarea class=\"elementor-field-textual elementor-field  elementor-size-sm\" name=\"form_fields[field_1d0a879]\" id=\"form-field-field_1d0a879\" rows=\"1\" placeholder=\"Phone\"><\/textarea>\t\t\t\t<\/div>\n\t\t\t\t\t\t\t\t<div class=\"elementor-field-type-textarea elementor-field-group elementor-column elementor-field-group-field_827935b elementor-col-100\">\n\t\t\t\t\t\t\t\t\t\t\t\t<label for=\"form-field-field_827935b\" class=\"elementor-field-label\">\n\t\t\t\t\t\t\t\tMessage\t\t\t\t\t\t\t<\/label>\n\t\t\t\t\t\t<textarea class=\"elementor-field-textual elementor-field  elementor-size-sm\" name=\"form_fields[field_827935b]\" id=\"form-field-field_827935b\" rows=\"4\" placeholder=\"Message\"><\/textarea>\t\t\t\t<\/div>\n\t\t\t\t\t\t\t\t<div class=\"elementor-field-type-acceptance elementor-field-group elementor-column elementor-field-group-field_b073c3f elementor-col-100 elementor-field-required\">\n\t\t\t\t\t\t\t<div class=\"elementor-field-subgroup\">\n\t\t\t<span class=\"elementor-field-option\">\n\t\t\t\t<input type=\"checkbox\" name=\"form_fields[field_b073c3f]\" id=\"form-field-field_b073c3f\" class=\"elementor-field elementor-size-sm  elementor-acceptance-field\" required=\"required\">\n\t\t\t\t<label for=\"form-field-field_b073c3f\">I have read and accept <a href=\"\/en\/adatkezelesi-tajekoztato\/\"target=\"blank\">the data protection declaration.<\/a><\/label>\t\t\t<\/span>\n\t\t<\/div>\n\t\t\t\t\t\t<\/div>\n\t\t\t\t\t\t\t\t<div class=\"elementor-field-group elementor-column elementor-field-type-submit elementor-col-100 e-form__buttons\">\n\t\t\t\t\t<button class=\"elementor-button elementor-size-sm\" type=\"submit\">\n\t\t\t\t\t\t<span class=\"elementor-button-content-wrapper\">\n\t\t\t\t\t\t\t\t\t\t\t\t\t\t\t\t\t\t\t\t\t\t<span class=\"elementor-button-text\">Send<\/span>\n\t\t\t\t\t\t\t\t\t\t\t\t\t<\/span>\n\t\t\t\t\t<\/button>\n\t\t\t\t<\/div>\n\t\t\t<\/div>\n\t\t<input type=\"hidden\" name=\"trp-form-language\" value=\"en\"\/><\/form>\n\t\t\t\t\t\t<\/div>\n\t\t\t\t<\/div>\n\t\t\t\t<\/div>\n\t\t<div class=\"elementor-element elementor-element-05d8222 e-con-full e-flex e-con e-child\" data-id=\"05d8222\" data-element_type=\"container\">\n\t\t\t\t<div class=\"elementor-element elementor-element-17f259a elementor-widget elementor-widget-image\" data-id=\"17f259a\" data-element_type=\"widget\" data-widget_type=\"image.default\">\n\t\t\t\t<div class=\"elementor-widget-container\">\n\t\t\t\t\t\t\t\t\t\t\t\t\t\t\t<img fetchpriority=\"high\" decoding=\"async\" width=\"700\" height=\"700\" src=\"https:\/\/rejtelyekpinceje.hu\/wp-content\/uploads\/2024\/02\/szolgaltatasok-kep-1.png\" class=\"attachment-large size-large wp-image-708\" alt=\"szolgaltatasok-kep\" srcset=\"https:\/\/rejtelyekpinceje.hu\/wp-content\/uploads\/2024\/02\/szolgaltatasok-kep-1.png 700w, https:\/\/rejtelyekpinceje.hu\/wp-content\/uploads\/2024\/02\/szolgaltatasok-kep-1-150x150.png 150w\" sizes=\"(max-width: 700px) 100vw, 700px\" \/>\t\t\t\t\t\t\t\t\t\t\t\t\t\t\t<\/div>\n\t\t\t\t<\/div>\n\t\t\t\t<\/div>\n\t\t\t\t\t<\/div>\n\t\t\t\t<\/div>\n\t\t\t\t<\/div>","protected":false},"excerpt":{"rendered":"<p>Vedd fel vel\u00fcnk a kapcsolatot! Egyedi k\u00e9r\u00e9s eset\u00e9n \u00edrj nek\u00fcnk egy \u00fczenetet \u00e9s mi igyeksz\u00fcnk a leghamarabb v\u00e1laszolni.<\/p>","protected":false},"author":3,"featured_media":0,"parent":0,"menu_order":0,"comment_status":"closed","ping_status":"closed","template":"elementor_header_footer","meta":{"footnotes":""},"class_list":["post-684","page","type-page","status-publish","hentry"],"yoast_head":"<!-- This site is optimized with the Yoast SEO plugin v26.7 - https:\/\/yoast.com\/wordpress\/plugins\/seo\/ -->\n<title>Kapcsolat - Rejtelyekpinceje<\/title>\n<meta name=\"robots\" content=\"index, follow, max-snippet:-1, max-image-preview:large, max-video-preview:-1\" \/>\n<link rel=\"canonical\" href=\"https:\/\/rejtelyekpinceje.hu\/en\/kapcsolat\/\" \/>\n<meta property=\"og:locale\" content=\"en_GB\" \/>\n<meta property=\"og:type\" content=\"article\" \/>\n<meta property=\"og:title\" content=\"Kapcsolat - Rejtelyekpinceje\" \/>\n<meta property=\"og:description\" content=\"Vedd fel vel\u00fcnk a kapcsolatot! Egyedi k\u00e9r\u00e9s eset\u00e9n \u00edrj nek\u00fcnk egy \u00fczenetet \u00e9s mi igyeksz\u00fcnk a leghamarabb v\u00e1laszolni.\" \/>\n<meta property=\"og:url\" content=\"https:\/\/rejtelyekpinceje.hu\/en\/kapcsolat\/\" \/>\n<meta property=\"og:site_name\" content=\"Rejtelyekpinceje\" \/>\n<meta property=\"article:publisher\" content=\"https:\/\/www.facebook.com\/rejtelyekpinceje\" \/>\n<meta property=\"article:modified_time\" content=\"2024-02-26T19:52:32+00:00\" \/>\n<meta property=\"og:image\" content=\"http:\/\/rejtelyekpinceje.hu\/wp-content\/uploads\/2024\/02\/szolgaltatasok-kep-1.png\" \/>\n<meta name=\"twitter:card\" content=\"summary_large_image\" \/>\n<meta name=\"twitter:label1\" content=\"Estimated reading time\" \/>\n\t<meta name=\"twitter:data1\" content=\"1 minute\" \/>\n<script type=\"application\/ld+json\" class=\"yoast-schema-graph\">{\"@context\":\"https:\/\/schema.org\",\"@graph\":[{\"@type\":\"WebPage\",\"@id\":\"https:\/\/rejtelyekpinceje.hu\/kapcsolat\/\",\"url\":\"https:\/\/rejtelyekpinceje.hu\/kapcsolat\/\",\"name\":\"Kapcsolat - Rejtelyekpinceje\",\"isPartOf\":{\"@id\":\"https:\/\/rejtelyekpinceje.hu\/#website\"},\"primaryImageOfPage\":{\"@id\":\"https:\/\/rejtelyekpinceje.hu\/kapcsolat\/#primaryimage\"},\"image\":{\"@id\":\"https:\/\/rejtelyekpinceje.hu\/kapcsolat\/#primaryimage\"},\"thumbnailUrl\":\"http:\/\/rejtelyekpinceje.hu\/wp-content\/uploads\/2024\/02\/szolgaltatasok-kep-1.png\",\"datePublished\":\"2024-02-25T13:54:33+00:00\",\"dateModified\":\"2024-02-26T19:52:32+00:00\",\"breadcrumb\":{\"@id\":\"https:\/\/rejtelyekpinceje.hu\/kapcsolat\/#breadcrumb\"},\"inLanguage\":\"en-GB\",\"potentialAction\":[{\"@type\":\"ReadAction\",\"target\":[\"https:\/\/rejtelyekpinceje.hu\/kapcsolat\/\"]}]},{\"@type\":\"ImageObject\",\"inLanguage\":\"en-GB\",\"@id\":\"https:\/\/rejtelyekpinceje.hu\/kapcsolat\/#primaryimage\",\"url\":\"http:\/\/rejtelyekpinceje.hu\/wp-content\/uploads\/2024\/02\/szolgaltatasok-kep-1.png\",\"contentUrl\":\"http:\/\/rejtelyekpinceje.hu\/wp-content\/uploads\/2024\/02\/szolgaltatasok-kep-1.png\"},{\"@type\":\"BreadcrumbList\",\"@id\":\"https:\/\/rejtelyekpinceje.hu\/kapcsolat\/#breadcrumb\",\"itemListElement\":[{\"@type\":\"ListItem\",\"position\":1,\"name\":\"Kezd\u0151lap\",\"item\":\"https:\/\/rejtelyekpinceje.hu\/\"},{\"@type\":\"ListItem\",\"position\":2,\"name\":\"Kapcsolat\"}]},{\"@type\":\"WebSite\",\"@id\":\"https:\/\/rejtelyekpinceje.hu\/#website\",\"url\":\"https:\/\/rejtelyekpinceje.hu\/\",\"name\":\"Rejtelyekpinceje\",\"description\":\"A misztikus szabadul\u00f3 szoba P\u00e9cs belv\u00e1ros\u00e1ban! Exit Room P\u00e9cs | Rejt\u00e9lyek Pinc\u00e9je | P\u00e9cs.\",\"publisher\":{\"@id\":\"https:\/\/rejtelyekpinceje.hu\/#organization\"},\"potentialAction\":[{\"@type\":\"SearchAction\",\"target\":{\"@type\":\"EntryPoint\",\"urlTemplate\":\"https:\/\/rejtelyekpinceje.hu\/?s={search_term_string}\"},\"query-input\":{\"@type\":\"PropertyValueSpecification\",\"valueRequired\":true,\"valueName\":\"search_term_string\"}}],\"inLanguage\":\"en-GB\"},{\"@type\":\"Organization\",\"@id\":\"https:\/\/rejtelyekpinceje.hu\/#organization\",\"name\":\"Rejtelyekpinceje\",\"url\":\"https:\/\/rejtelyekpinceje.hu\/\",\"logo\":{\"@type\":\"ImageObject\",\"inLanguage\":\"en-GB\",\"@id\":\"https:\/\/rejtelyekpinceje.hu\/#\/schema\/logo\/image\/\",\"url\":\"https:\/\/rejtelyekpinceje.hu\/wp-content\/uploads\/2024\/02\/Kepernyofoto-2021-02-10-23_31_19_pn.webp\",\"contentUrl\":\"https:\/\/rejtelyekpinceje.hu\/wp-content\/uploads\/2024\/02\/Kepernyofoto-2021-02-10-23_31_19_pn.webp\",\"width\":131,\"height\":98,\"caption\":\"Rejtelyekpinceje\"},\"image\":{\"@id\":\"https:\/\/rejtelyekpinceje.hu\/#\/schema\/logo\/image\/\"},\"sameAs\":[\"https:\/\/www.facebook.com\/rejtelyekpinceje\",\"https:\/\/www.instagram.com\/rejtelyekpinceje\/\"]}]}<\/script>\n<!-- \/ Yoast SEO plugin. -->","yoast_head_json":{"title":"Kapcsolat - Rejtelyekpinceje","robots":{"index":"index","follow":"follow","max-snippet":"max-snippet:-1","max-image-preview":"max-image-preview:large","max-video-preview":"max-video-preview:-1"},"canonical":"https:\/\/rejtelyekpinceje.hu\/en\/kapcsolat\/","og_locale":"en_GB","og_type":"article","og_title":"Kapcsolat - Rejtelyekpinceje","og_description":"Vedd fel vel\u00fcnk a kapcsolatot! Egyedi k\u00e9r\u00e9s eset\u00e9n \u00edrj nek\u00fcnk egy \u00fczenetet \u00e9s mi igyeksz\u00fcnk a leghamarabb v\u00e1laszolni.","og_url":"https:\/\/rejtelyekpinceje.hu\/en\/kapcsolat\/","og_site_name":"Rejtelyekpinceje","article_publisher":"https:\/\/www.facebook.com\/rejtelyekpinceje","article_modified_time":"2024-02-26T19:52:32+00:00","og_image":[{"url":"http:\/\/rejtelyekpinceje.hu\/wp-content\/uploads\/2024\/02\/szolgaltatasok-kep-1.png","type":"","width":"","height":""}],"twitter_card":"summary_large_image","twitter_misc":{"Estimated reading time":"1 minute"},"schema":{"@context":"https:\/\/schema.org","@graph":[{"@type":"WebPage","@id":"https:\/\/rejtelyekpinceje.hu\/kapcsolat\/","url":"https:\/\/rejtelyekpinceje.hu\/kapcsolat\/","name":"Kapcsolat - Rejtelyekpinceje","isPartOf":{"@id":"https:\/\/rejtelyekpinceje.hu\/#website"},"primaryImageOfPage":{"@id":"https:\/\/rejtelyekpinceje.hu\/kapcsolat\/#primaryimage"},"image":{"@id":"https:\/\/rejtelyekpinceje.hu\/kapcsolat\/#primaryimage"},"thumbnailUrl":"http:\/\/rejtelyekpinceje.hu\/wp-content\/uploads\/2024\/02\/szolgaltatasok-kep-1.png","datePublished":"2024-02-25T13:54:33+00:00","dateModified":"2024-02-26T19:52:32+00:00","breadcrumb":{"@id":"https:\/\/rejtelyekpinceje.hu\/kapcsolat\/#breadcrumb"},"inLanguage":"en-GB","potentialAction":[{"@type":"ReadAction","target":["https:\/\/rejtelyekpinceje.hu\/kapcsolat\/"]}]},{"@type":"ImageObject","inLanguage":"en-GB","@id":"https:\/\/rejtelyekpinceje.hu\/kapcsolat\/#primaryimage","url":"http:\/\/rejtelyekpinceje.hu\/wp-content\/uploads\/2024\/02\/szolgaltatasok-kep-1.png","contentUrl":"http:\/\/rejtelyekpinceje.hu\/wp-content\/uploads\/2024\/02\/szolgaltatasok-kep-1.png"},{"@type":"BreadcrumbList","@id":"https:\/\/rejtelyekpinceje.hu\/kapcsolat\/#breadcrumb","itemListElement":[{"@type":"ListItem","position":1,"name":"Kezd\u0151lap","item":"https:\/\/rejtelyekpinceje.hu\/"},{"@type":"ListItem","position":2,"name":"Kapcsolat"}]},{"@type":"WebSite","@id":"https:\/\/rejtelyekpinceje.hu\/#website","url":"https:\/\/rejtelyekpinceje.hu\/","name":"Rejtelyekpinceje","description":"A misztikus szabadul\u00f3 szoba P\u00e9cs belv\u00e1ros\u00e1ban! Exit Room P\u00e9cs | Rejt\u00e9lyek Pinc\u00e9je | P\u00e9cs.","publisher":{"@id":"https:\/\/rejtelyekpinceje.hu\/#organization"},"potentialAction":[{"@type":"SearchAction","target":{"@type":"EntryPoint","urlTemplate":"https:\/\/rejtelyekpinceje.hu\/?s={search_term_string}"},"query-input":{"@type":"PropertyValueSpecification","valueRequired":true,"valueName":"search_term_string"}}],"inLanguage":"en-GB"},{"@type":"Organization","@id":"https:\/\/rejtelyekpinceje.hu\/#organization","name":"Rejtelyekpinceje","url":"https:\/\/rejtelyekpinceje.hu\/","logo":{"@type":"ImageObject","inLanguage":"en-GB","@id":"https:\/\/rejtelyekpinceje.hu\/#\/schema\/logo\/image\/","url":"https:\/\/rejtelyekpinceje.hu\/wp-content\/uploads\/2024\/02\/Kepernyofoto-2021-02-10-23_31_19_pn.webp","contentUrl":"https:\/\/rejtelyekpinceje.hu\/wp-content\/uploads\/2024\/02\/Kepernyofoto-2021-02-10-23_31_19_pn.webp","width":131,"height":98,"caption":"Rejtelyekpinceje"},"image":{"@id":"https:\/\/rejtelyekpinceje.hu\/#\/schema\/logo\/image\/"},"sameAs":["https:\/\/www.facebook.com\/rejtelyekpinceje","https:\/\/www.instagram.com\/rejtelyekpinceje\/"]}]}},"_links":{"self":[{"href":"https:\/\/rejtelyekpinceje.hu\/en\/wp-json\/wp\/v2\/pages\/684","targetHints":{"allow":["GET"]}}],"collection":[{"href":"https:\/\/rejtelyekpinceje.hu\/en\/wp-json\/wp\/v2\/pages"}],"about":[{"href":"https:\/\/rejtelyekpinceje.hu\/en\/wp-json\/wp\/v2\/types\/page"}],"author":[{"embeddable":true,"href":"https:\/\/rejtelyekpinceje.hu\/en\/wp-json\/wp\/v2\/users\/3"}],"replies":[{"embeddable":true,"href":"https:\/\/rejtelyekpinceje.hu\/en\/wp-json\/wp\/v2\/comments?post=684"}],"version-history":[{"count":3,"href":"https:\/\/rejtelyekpinceje.hu\/en\/wp-json\/wp\/v2\/pages\/684\/revisions"}],"predecessor-version":[{"id":1059,"href":"https:\/\/rejtelyekpinceje.hu\/en\/wp-json\/wp\/v2\/pages\/684\/revisions\/1059"}],"wp:attachment":[{"href":"https:\/\/rejtelyekpinceje.hu\/en\/wp-json\/wp\/v2\/media?parent=684"}],"curies":[{"name":"wp","href":"https:\/\/api.w.org\/{rel}","templated":true}]}}