{"id":682,"date":"2024-02-25T14:54:02","date_gmt":"2024-02-25T13:54:02","guid":{"rendered":"https:\/\/rejtelyekpinceje.hu\/?page_id=682"},"modified":"2024-03-08T13:40:17","modified_gmt":"2024-03-08T12:40:17","slug":"hirek","status":"publish","type":"page","link":"https:\/\/rejtelyekpinceje.hu\/en\/hirek\/","title":{"rendered":"H\u00edrek"},"content":{"rendered":"<div data-elementor-type=\"wp-page\" data-elementor-id=\"682\" class=\"elementor elementor-682\" data-elementor-post-type=\"page\">\n\t\t\t\t<div class=\"elementor-element elementor-element-674117a e-flex e-con-boxed e-con e-parent\" data-id=\"674117a\" data-element_type=\"container\">\n\t\t\t\t\t<div class=\"e-con-inner\">\n\t\t\t\t<div class=\"elementor-element elementor-element-a18db96 elementor-grid-4 elementor-grid-tablet-2 elementor-grid-mobile-1 elementor-posts--thumbnail-top elementor-widget elementor-widget-posts\" data-id=\"a18db96\" data-element_type=\"widget\" data-settings=\"{&quot;classic_columns&quot;:&quot;4&quot;,&quot;classic_row_gap&quot;:{&quot;unit&quot;:&quot;px&quot;,&quot;size&quot;:24,&quot;sizes&quot;:[]},&quot;classic_columns_tablet&quot;:&quot;2&quot;,&quot;classic_columns_mobile&quot;:&quot;1&quot;,&quot;classic_row_gap_laptop&quot;:{&quot;unit&quot;:&quot;px&quot;,&quot;size&quot;:&quot;&quot;,&quot;sizes&quot;:[]},&quot;classic_row_gap_tablet&quot;:{&quot;unit&quot;:&quot;px&quot;,&quot;size&quot;:&quot;&quot;,&quot;sizes&quot;:[]},&quot;classic_row_gap_mobile&quot;:{&quot;unit&quot;:&quot;px&quot;,&quot;size&quot;:&quot;&quot;,&quot;sizes&quot;:[]}}\" data-widget_type=\"posts.classic\">\n\t\t\t\t<div class=\"elementor-widget-container\">\n\t\t\t\t\t\t\t<div class=\"elementor-posts-container elementor-posts elementor-posts--skin-classic elementor-grid\" role=\"list\">\n\t\t\t\t<article class=\"elementor-post elementor-grid-item post-1342 post type-post status-publish format-standard has-post-thumbnail hentry category-egyeb\" role=\"listitem\">\n\t\t\t\t<a class=\"elementor-post__thumbnail__link\" href=\"https:\/\/rejtelyekpinceje.hu\/en\/kihagyhatatlan-kedvezmenyek-egyetemistaknak\/\" tabindex=\"-1\" >\n\t\t\t<div class=\"elementor-post__thumbnail\"><img fetchpriority=\"high\" decoding=\"async\" width=\"1260\" height=\"700\" src=\"https:\/\/rejtelyekpinceje.hu\/wp-content\/uploads\/2024\/10\/RP-kedvezmeny-1.png\" class=\"attachment-full size-full wp-image-1345\" alt=\"\" srcset=\"https:\/\/rejtelyekpinceje.hu\/wp-content\/uploads\/2024\/10\/RP-kedvezmeny-1.png 1260w, https:\/\/rejtelyekpinceje.hu\/wp-content\/uploads\/2024\/10\/RP-kedvezmeny-1-700x389.png 700w, https:\/\/rejtelyekpinceje.hu\/wp-content\/uploads\/2024\/10\/RP-kedvezmeny-1-1024x569.png 1024w, https:\/\/rejtelyekpinceje.hu\/wp-content\/uploads\/2024\/10\/RP-kedvezmeny-1-768x427.png 768w, https:\/\/rejtelyekpinceje.hu\/wp-content\/uploads\/2024\/10\/RP-kedvezmeny-1-18x10.png 18w\" sizes=\"(max-width: 1260px) 100vw, 1260px\" \/><\/div>\n\t\t<\/a>\n\t\t\t\t<div class=\"elementor-post__text\">\n\t\t\t\t<h3 class=\"elementor-post__title\">\n\t\t\t<a href=\"https:\/\/rejtelyekpinceje.hu\/en\/kihagyhatatlan-kedvezmenyek-egyetemistaknak\/\" >\n\t\t\t\tKihagyhatatlan kedvezm\u00e9nyek egyetemist\u00e1knak!\t\t\t<\/a>\n\t\t<\/h3>\n\t\t\t\t<div class=\"elementor-post__excerpt\">\n\t\t\t<p>Kedves Egyetemist\u00e1k! \ud83c\udf93 Itt az id\u0151, hogy \u00f6sszefogjatok a bar\u00e1taitokkal \u00e9s r\u00e9szt vegyetek egy izgalmas, csapat\u00e9p\u00edt\u0151 programon, amely garant\u00e1ltan eml\u00e9kezetes \u00e9lm\u00e9nyeket<\/p>\n\t\t<\/div>\n\t\t\n\t\t<a class=\"elementor-post__read-more\" href=\"https:\/\/rejtelyekpinceje.hu\/en\/kihagyhatatlan-kedvezmenyek-egyetemistaknak\/\" aria-label=\"Read more about Kihagyhatatlan kedvezm\u00e9nyek egyetemist\u00e1knak!\" tabindex=\"-1\" >\n\t\t\tTov\u00e1bb olvasom \u00bb\t\t<\/a>\n\n\t\t\t\t<\/div>\n\t\t\t\t<\/article>\n\t\t\t\t<article class=\"elementor-post elementor-grid-item post-1315 post type-post status-publish format-standard has-post-thumbnail hentry category-egyeb\" role=\"listitem\">\n\t\t\t\t<a class=\"elementor-post__thumbnail__link\" href=\"https:\/\/rejtelyekpinceje.hu\/en\/3000-ft-kedvezmeny-diakoknak\/\" tabindex=\"-1\" >\n\t\t\t<div class=\"elementor-post__thumbnail\"><img decoding=\"async\" width=\"1260\" height=\"700\" src=\"https:\/\/rejtelyekpinceje.hu\/wp-content\/uploads\/2024\/08\/weboldal_kreativ-1.png\" class=\"attachment-full size-full wp-image-1317\" alt=\"\" srcset=\"https:\/\/rejtelyekpinceje.hu\/wp-content\/uploads\/2024\/08\/weboldal_kreativ-1.png 1260w, https:\/\/rejtelyekpinceje.hu\/wp-content\/uploads\/2024\/08\/weboldal_kreativ-1-700x389.png 700w, https:\/\/rejtelyekpinceje.hu\/wp-content\/uploads\/2024\/08\/weboldal_kreativ-1-1024x569.png 1024w, https:\/\/rejtelyekpinceje.hu\/wp-content\/uploads\/2024\/08\/weboldal_kreativ-1-768x427.png 768w, https:\/\/rejtelyekpinceje.hu\/wp-content\/uploads\/2024\/08\/weboldal_kreativ-1-18x10.png 18w\" sizes=\"(max-width: 1260px) 100vw, 1260px\" \/><\/div>\n\t\t<\/a>\n\t\t\t\t<div class=\"elementor-post__text\">\n\t\t\t\t<h3 class=\"elementor-post__title\">\n\t\t\t<a href=\"https:\/\/rejtelyekpinceje.hu\/en\/3000-ft-kedvezmeny-diakoknak\/\" >\n\t\t\t\t3000 Ft.- kedvezm\u00e9ny di\u00e1koknak!\t\t\t<\/a>\n\t\t<\/h3>\n\t\t\t\t<div class=\"elementor-post__excerpt\">\n\t\t\t<p>Fiatal nyomoz\u00f3k figyelem! Sz\u00e9d\u00fcletes kalandokra v\u00e1gytok a ny\u00e1r utols\u00f3 h\u00f3napj\u00e1ban? \ud83e\udd29 Augusztusban di\u00e1kigazolv\u00e1ny felmutat\u00e1s\u00e1val 3000 Ft kedvezm\u00e9nyt kaptok minden szabadul\u00f3 szoba<\/p>\n\t\t<\/div>\n\t\t\n\t\t<a class=\"elementor-post__read-more\" href=\"https:\/\/rejtelyekpinceje.hu\/en\/3000-ft-kedvezmeny-diakoknak\/\" aria-label=\"Read more about 3000 Ft.- kedvezm\u00e9ny di\u00e1koknak!\" tabindex=\"-1\" >\n\t\t\tTov\u00e1bb olvasom \u00bb\t\t<\/a>\n\n\t\t\t\t<\/div>\n\t\t\t\t<\/article>\n\t\t\t\t<article class=\"elementor-post elementor-grid-item post-1305 post type-post status-publish format-standard has-post-thumbnail hentry category-egyeb\" role=\"listitem\">\n\t\t\t\t<a class=\"elementor-post__thumbnail__link\" href=\"https:\/\/rejtelyekpinceje.hu\/en\/szabaduloszoba-kedvezmeny\/\" tabindex=\"-1\" >\n\t\t\t<div class=\"elementor-post__thumbnail\"><img decoding=\"async\" width=\"1260\" height=\"700\" src=\"https:\/\/rejtelyekpinceje.hu\/wp-content\/uploads\/2024\/07\/juliusi-kedvezmeny-1-1.png\" class=\"attachment-full size-full wp-image-1307\" alt=\"\" srcset=\"https:\/\/rejtelyekpinceje.hu\/wp-content\/uploads\/2024\/07\/juliusi-kedvezmeny-1-1.png 1260w, https:\/\/rejtelyekpinceje.hu\/wp-content\/uploads\/2024\/07\/juliusi-kedvezmeny-1-1-700x389.png 700w, https:\/\/rejtelyekpinceje.hu\/wp-content\/uploads\/2024\/07\/juliusi-kedvezmeny-1-1-1024x569.png 1024w, https:\/\/rejtelyekpinceje.hu\/wp-content\/uploads\/2024\/07\/juliusi-kedvezmeny-1-1-768x427.png 768w, https:\/\/rejtelyekpinceje.hu\/wp-content\/uploads\/2024\/07\/juliusi-kedvezmeny-1-1-18x10.png 18w\" sizes=\"(max-width: 1260px) 100vw, 1260px\" \/><\/div>\n\t\t<\/a>\n\t\t\t\t<div class=\"elementor-post__text\">\n\t\t\t\t<h3 class=\"elementor-post__title\">\n\t\t\t<a href=\"https:\/\/rejtelyekpinceje.hu\/en\/szabaduloszoba-kedvezmeny\/\" >\n\t\t\t\tSzabadul\u00f3szoba maraton 50% kedvezm\u00e9nnyel!\t\t\t<\/a>\n\t\t<\/h3>\n\t\t\t\t<div class=\"elementor-post__excerpt\">\n\t\t\t<p>Dupla \u00e9lm\u00e9ny kevesebb\u00e9rt! \ud83e\udd29 K\u00e9pzelj\u00e9tek el, ahogy a h\u0151s\u00e9g el\u0151l menek\u00fclve 14 m\u00e9terrel a f\u00f6ld alatt tal\u00e1lj\u00e1tok magatokat, egy b\u00e1mulatos k\u00f6rnyezetben,<\/p>\n\t\t<\/div>\n\t\t\n\t\t<a class=\"elementor-post__read-more\" href=\"https:\/\/rejtelyekpinceje.hu\/en\/szabaduloszoba-kedvezmeny\/\" aria-label=\"Read more about Szabadul\u00f3szoba maraton 50% kedvezm\u00e9nnyel!\" tabindex=\"-1\" >\n\t\t\tTov\u00e1bb olvasom \u00bb\t\t<\/a>\n\n\t\t\t\t<\/div>\n\t\t\t\t<\/article>\n\t\t\t\t<article class=\"elementor-post elementor-grid-item post-1265 post type-post status-publish format-standard has-post-thumbnail hentry category-egyeb\" role=\"listitem\">\n\t\t\t\t<a class=\"elementor-post__thumbnail__link\" href=\"https:\/\/rejtelyekpinceje.hu\/en\/party-szoba-kedvezmeny-40-felettieknek\/\" tabindex=\"-1\" >\n\t\t\t<div class=\"elementor-post__thumbnail\"><img loading=\"lazy\" decoding=\"async\" width=\"1260\" height=\"700\" src=\"https:\/\/rejtelyekpinceje.hu\/wp-content\/uploads\/2024\/04\/party-szoba-kedvezmeny.png\" class=\"attachment-full size-full wp-image-1270\" alt=\"\" srcset=\"https:\/\/rejtelyekpinceje.hu\/wp-content\/uploads\/2024\/04\/party-szoba-kedvezmeny.png 1260w, https:\/\/rejtelyekpinceje.hu\/wp-content\/uploads\/2024\/04\/party-szoba-kedvezmeny-700x389.png 700w, https:\/\/rejtelyekpinceje.hu\/wp-content\/uploads\/2024\/04\/party-szoba-kedvezmeny-1024x569.png 1024w, https:\/\/rejtelyekpinceje.hu\/wp-content\/uploads\/2024\/04\/party-szoba-kedvezmeny-768x427.png 768w, https:\/\/rejtelyekpinceje.hu\/wp-content\/uploads\/2024\/04\/party-szoba-kedvezmeny-18x10.png 18w\" sizes=\"(max-width: 1260px) 100vw, 1260px\" \/><\/div>\n\t\t<\/a>\n\t\t\t\t<div class=\"elementor-post__text\">\n\t\t\t\t<h3 class=\"elementor-post__title\">\n\t\t\t<a href=\"https:\/\/rejtelyekpinceje.hu\/en\/party-szoba-kedvezmeny-40-felettieknek\/\" >\n\t\t\t\tParty szoba kedvezm\u00e9ny 40 felettieknek!\t\t\t<\/a>\n\t\t<\/h3>\n\t\t\t\t<div class=\"elementor-post__excerpt\">\n\t\t\t<p>\u00c9ljenek a 40 felettiek! \ud83e\udd29 20 ut\u00e1n sem \u00e1ll meg az \u00e9let, s\u0151t\u2026ekkor tartogat csak igaz\u00e1n k\u00fcl\u00f6nleges pillanatokat. Valami eml\u00e9kezetes \u00e9lm\u00e9nyre<\/p>\n\t\t<\/div>\n\t\t\n\t\t<a class=\"elementor-post__read-more\" href=\"https:\/\/rejtelyekpinceje.hu\/en\/party-szoba-kedvezmeny-40-felettieknek\/\" aria-label=\"Read more about Party szoba kedvezm\u00e9ny 40 felettieknek!\" tabindex=\"-1\" >\n\t\t\tTov\u00e1bb olvasom \u00bb\t\t<\/a>\n\n\t\t\t\t<\/div>\n\t\t\t\t<\/article>\n\t\t\t\t<article class=\"elementor-post elementor-grid-item post-1242 post type-post status-publish format-standard has-post-thumbnail hentry category-egyeb\" role=\"listitem\">\n\t\t\t\t<a class=\"elementor-post__thumbnail__link\" href=\"https:\/\/rejtelyekpinceje.hu\/en\/pecs-szabaduloszoba-nyeremenyjatek-7-12-osztalyos-diakoknak\/\" tabindex=\"-1\" >\n\t\t\t<div class=\"elementor-post__thumbnail\"><img loading=\"lazy\" decoding=\"async\" width=\"1260\" height=\"700\" src=\"https:\/\/rejtelyekpinceje.hu\/wp-content\/uploads\/2024\/03\/rejtelyekpinceje-pecs-szavaduloszoba-nyeremenyjatek-1.png\" class=\"attachment-full size-full wp-image-1224\" alt=\"\" srcset=\"https:\/\/rejtelyekpinceje.hu\/wp-content\/uploads\/2024\/03\/rejtelyekpinceje-pecs-szavaduloszoba-nyeremenyjatek-1.png 1260w, https:\/\/rejtelyekpinceje.hu\/wp-content\/uploads\/2024\/03\/rejtelyekpinceje-pecs-szavaduloszoba-nyeremenyjatek-1-700x389.png 700w, https:\/\/rejtelyekpinceje.hu\/wp-content\/uploads\/2024\/03\/rejtelyekpinceje-pecs-szavaduloszoba-nyeremenyjatek-1-1024x569.png 1024w, https:\/\/rejtelyekpinceje.hu\/wp-content\/uploads\/2024\/03\/rejtelyekpinceje-pecs-szavaduloszoba-nyeremenyjatek-1-768x427.png 768w, https:\/\/rejtelyekpinceje.hu\/wp-content\/uploads\/2024\/03\/rejtelyekpinceje-pecs-szavaduloszoba-nyeremenyjatek-1-18x10.png 18w\" sizes=\"(max-width: 1260px) 100vw, 1260px\" \/><\/div>\n\t\t<\/a>\n\t\t\t\t<div class=\"elementor-post__text\">\n\t\t\t\t<h3 class=\"elementor-post__title\">\n\t\t\t<a href=\"https:\/\/rejtelyekpinceje.hu\/en\/pecs-szabaduloszoba-nyeremenyjatek-7-12-osztalyos-diakoknak\/\" >\n\t\t\t\tGyere el m\u00e1rcius 1. \u00e9s 20. k\u00f6z\u00f6tt \u00e9s nyerj INGYEN j\u00e1t\u00e9kot oszt\u00e1lyodnak!\t\t\t<\/a>\n\t\t<\/h3>\n\t\t\t\t<div class=\"elementor-post__excerpt\">\n\t\t\t<p>\ud83d\udce3 7-12. oszt\u00e1lyosok figyelem \ud83d\udce3 A Rejt\u00e9lyek Pinc\u00e9j\u00e9n\u00e9l arra gondoltunk, hogy meglep\u00fcnk titeket egy izgalmas j\u00e1t\u00e9kkal, ami remek k\u00f6z\u00f6ss\u00e9gform\u00e1l\u00f3 program lehet<\/p>\n\t\t<\/div>\n\t\t\n\t\t<a class=\"elementor-post__read-more\" href=\"https:\/\/rejtelyekpinceje.hu\/en\/pecs-szabaduloszoba-nyeremenyjatek-7-12-osztalyos-diakoknak\/\" aria-label=\"Read more about Gyere el m\u00e1rcius 1. \u00e9s 20. k\u00f6z\u00f6tt \u00e9s nyerj INGYEN j\u00e1t\u00e9kot oszt\u00e1lyodnak!\" tabindex=\"-1\" >\n\t\t\tTov\u00e1bb olvasom \u00bb\t\t<\/a>\n\n\t\t\t\t<\/div>\n\t\t\t\t<\/article>\n\t\t\t\t<\/div>\n\t\t\n\t\t\t\t\t\t<\/div>\n\t\t\t\t<\/div>\n\t\t\t\t\t<\/div>\n\t\t\t\t<\/div>\n\t\t\t\t<\/div>","protected":false},"excerpt":{"rendered":"","protected":false},"author":3,"featured_media":0,"parent":0,"menu_order":0,"comment_status":"closed","ping_status":"closed","template":"elementor_header_footer","meta":{"footnotes":""},"class_list":["post-682","page","type-page","status-publish","hentry"],"yoast_head":"<!-- This site is optimized with the Yoast SEO plugin v26.7 - https:\/\/yoast.com\/wordpress\/plugins\/seo\/ -->\n<title>H\u00edrek - Rejtelyekpinceje<\/title>\n<meta name=\"robots\" content=\"index, follow, max-snippet:-1, max-image-preview:large, max-video-preview:-1\" \/>\n<link rel=\"canonical\" href=\"https:\/\/rejtelyekpinceje.hu\/en\/hirek\/\" \/>\n<meta property=\"og:locale\" content=\"en_GB\" \/>\n<meta property=\"og:type\" content=\"article\" \/>\n<meta property=\"og:title\" content=\"H\u00edrek - Rejtelyekpinceje\" \/>\n<meta property=\"og:url\" content=\"https:\/\/rejtelyekpinceje.hu\/en\/hirek\/\" \/>\n<meta property=\"og:site_name\" content=\"Rejtelyekpinceje\" \/>\n<meta property=\"article:publisher\" content=\"https:\/\/www.facebook.com\/rejtelyekpinceje\" \/>\n<meta property=\"article:modified_time\" content=\"2024-03-08T12:40:17+00:00\" \/>\n<meta name=\"twitter:card\" content=\"summary_large_image\" \/>\n<meta name=\"twitter:label1\" content=\"Estimated reading time\" \/>\n\t<meta name=\"twitter:data1\" content=\"1 minute\" \/>\n<script type=\"application\/ld+json\" class=\"yoast-schema-graph\">{\"@context\":\"https:\/\/schema.org\",\"@graph\":[{\"@type\":\"WebPage\",\"@id\":\"https:\/\/rejtelyekpinceje.hu\/hirek\/\",\"url\":\"https:\/\/rejtelyekpinceje.hu\/hirek\/\",\"name\":\"H\u00edrek - Rejtelyekpinceje\",\"isPartOf\":{\"@id\":\"https:\/\/rejtelyekpinceje.hu\/#website\"},\"datePublished\":\"2024-02-25T13:54:02+00:00\",\"dateModified\":\"2024-03-08T12:40:17+00:00\",\"breadcrumb\":{\"@id\":\"https:\/\/rejtelyekpinceje.hu\/hirek\/#breadcrumb\"},\"inLanguage\":\"en-GB\",\"potentialAction\":[{\"@type\":\"ReadAction\",\"target\":[\"https:\/\/rejtelyekpinceje.hu\/hirek\/\"]}]},{\"@type\":\"BreadcrumbList\",\"@id\":\"https:\/\/rejtelyekpinceje.hu\/hirek\/#breadcrumb\",\"itemListElement\":[{\"@type\":\"ListItem\",\"position\":1,\"name\":\"Kezd\u0151lap\",\"item\":\"https:\/\/rejtelyekpinceje.hu\/\"},{\"@type\":\"ListItem\",\"position\":2,\"name\":\"H\u00edrek\"}]},{\"@type\":\"WebSite\",\"@id\":\"https:\/\/rejtelyekpinceje.hu\/#website\",\"url\":\"https:\/\/rejtelyekpinceje.hu\/\",\"name\":\"Rejtelyekpinceje\",\"description\":\"A misztikus szabadul\u00f3 szoba P\u00e9cs belv\u00e1ros\u00e1ban! Exit Room P\u00e9cs | Rejt\u00e9lyek Pinc\u00e9je | P\u00e9cs.\",\"publisher\":{\"@id\":\"https:\/\/rejtelyekpinceje.hu\/#organization\"},\"potentialAction\":[{\"@type\":\"SearchAction\",\"target\":{\"@type\":\"EntryPoint\",\"urlTemplate\":\"https:\/\/rejtelyekpinceje.hu\/?s={search_term_string}\"},\"query-input\":{\"@type\":\"PropertyValueSpecification\",\"valueRequired\":true,\"valueName\":\"search_term_string\"}}],\"inLanguage\":\"en-GB\"},{\"@type\":\"Organization\",\"@id\":\"https:\/\/rejtelyekpinceje.hu\/#organization\",\"name\":\"Rejtelyekpinceje\",\"url\":\"https:\/\/rejtelyekpinceje.hu\/\",\"logo\":{\"@type\":\"ImageObject\",\"inLanguage\":\"en-GB\",\"@id\":\"https:\/\/rejtelyekpinceje.hu\/#\/schema\/logo\/image\/\",\"url\":\"https:\/\/rejtelyekpinceje.hu\/wp-content\/uploads\/2024\/02\/Kepernyofoto-2021-02-10-23_31_19_pn.webp\",\"contentUrl\":\"https:\/\/rejtelyekpinceje.hu\/wp-content\/uploads\/2024\/02\/Kepernyofoto-2021-02-10-23_31_19_pn.webp\",\"width\":131,\"height\":98,\"caption\":\"Rejtelyekpinceje\"},\"image\":{\"@id\":\"https:\/\/rejtelyekpinceje.hu\/#\/schema\/logo\/image\/\"},\"sameAs\":[\"https:\/\/www.facebook.com\/rejtelyekpinceje\",\"https:\/\/www.instagram.com\/rejtelyekpinceje\/\"]}]}<\/script>\n<!-- \/ Yoast SEO plugin. -->","yoast_head_json":{"title":"H\u00edrek - Rejtelyekpinceje","robots":{"index":"index","follow":"follow","max-snippet":"max-snippet:-1","max-image-preview":"max-image-preview:large","max-video-preview":"max-video-preview:-1"},"canonical":"https:\/\/rejtelyekpinceje.hu\/en\/hirek\/","og_locale":"en_GB","og_type":"article","og_title":"H\u00edrek - Rejtelyekpinceje","og_url":"https:\/\/rejtelyekpinceje.hu\/en\/hirek\/","og_site_name":"Rejtelyekpinceje","article_publisher":"https:\/\/www.facebook.com\/rejtelyekpinceje","article_modified_time":"2024-03-08T12:40:17+00:00","twitter_card":"summary_large_image","twitter_misc":{"Estimated reading time":"1 minute"},"schema":{"@context":"https:\/\/schema.org","@graph":[{"@type":"WebPage","@id":"https:\/\/rejtelyekpinceje.hu\/hirek\/","url":"https:\/\/rejtelyekpinceje.hu\/hirek\/","name":"H\u00edrek - Rejtelyekpinceje","isPartOf":{"@id":"https:\/\/rejtelyekpinceje.hu\/#website"},"datePublished":"2024-02-25T13:54:02+00:00","dateModified":"2024-03-08T12:40:17+00:00","breadcrumb":{"@id":"https:\/\/rejtelyekpinceje.hu\/hirek\/#breadcrumb"},"inLanguage":"en-GB","potentialAction":[{"@type":"ReadAction","target":["https:\/\/rejtelyekpinceje.hu\/hirek\/"]}]},{"@type":"BreadcrumbList","@id":"https:\/\/rejtelyekpinceje.hu\/hirek\/#breadcrumb","itemListElement":[{"@type":"ListItem","position":1,"name":"Kezd\u0151lap","item":"https:\/\/rejtelyekpinceje.hu\/"},{"@type":"ListItem","position":2,"name":"H\u00edrek"}]},{"@type":"WebSite","@id":"https:\/\/rejtelyekpinceje.hu\/#website","url":"https:\/\/rejtelyekpinceje.hu\/","name":"Rejtelyekpinceje","description":"A misztikus szabadul\u00f3 szoba P\u00e9cs belv\u00e1ros\u00e1ban! Exit Room P\u00e9cs | Rejt\u00e9lyek Pinc\u00e9je | P\u00e9cs.","publisher":{"@id":"https:\/\/rejtelyekpinceje.hu\/#organization"},"potentialAction":[{"@type":"SearchAction","target":{"@type":"EntryPoint","urlTemplate":"https:\/\/rejtelyekpinceje.hu\/?s={search_term_string}"},"query-input":{"@type":"PropertyValueSpecification","valueRequired":true,"valueName":"search_term_string"}}],"inLanguage":"en-GB"},{"@type":"Organization","@id":"https:\/\/rejtelyekpinceje.hu\/#organization","name":"Rejtelyekpinceje","url":"https:\/\/rejtelyekpinceje.hu\/","logo":{"@type":"ImageObject","inLanguage":"en-GB","@id":"https:\/\/rejtelyekpinceje.hu\/#\/schema\/logo\/image\/","url":"https:\/\/rejtelyekpinceje.hu\/wp-content\/uploads\/2024\/02\/Kepernyofoto-2021-02-10-23_31_19_pn.webp","contentUrl":"https:\/\/rejtelyekpinceje.hu\/wp-content\/uploads\/2024\/02\/Kepernyofoto-2021-02-10-23_31_19_pn.webp","width":131,"height":98,"caption":"Rejtelyekpinceje"},"image":{"@id":"https:\/\/rejtelyekpinceje.hu\/#\/schema\/logo\/image\/"},"sameAs":["https:\/\/www.facebook.com\/rejtelyekpinceje","https:\/\/www.instagram.com\/rejtelyekpinceje\/"]}]}},"_links":{"self":[{"href":"https:\/\/rejtelyekpinceje.hu\/en\/wp-json\/wp\/v2\/pages\/682","targetHints":{"allow":["GET"]}}],"collection":[{"href":"https:\/\/rejtelyekpinceje.hu\/en\/wp-json\/wp\/v2\/pages"}],"about":[{"href":"https:\/\/rejtelyekpinceje.hu\/en\/wp-json\/wp\/v2\/types\/page"}],"author":[{"embeddable":true,"href":"https:\/\/rejtelyekpinceje.hu\/en\/wp-json\/wp\/v2\/users\/3"}],"replies":[{"embeddable":true,"href":"https:\/\/rejtelyekpinceje.hu\/en\/wp-json\/wp\/v2\/comments?post=682"}],"version-history":[{"count":3,"href":"https:\/\/rejtelyekpinceje.hu\/en\/wp-json\/wp\/v2\/pages\/682\/revisions"}],"predecessor-version":[{"id":1237,"href":"https:\/\/rejtelyekpinceje.hu\/en\/wp-json\/wp\/v2\/pages\/682\/revisions\/1237"}],"wp:attachment":[{"href":"https:\/\/rejtelyekpinceje.hu\/en\/wp-json\/wp\/v2\/media?parent=682"}],"curies":[{"name":"wp","href":"https:\/\/api.w.org\/{rel}","templated":true}]}}